{"id":11,"date":"2026-04-15T10:27:59","date_gmt":"2026-04-15T08:27:59","guid":{"rendered":"http:\/\/idkwhattotype.you2.pl\/?page_id=11"},"modified":"2026-04-15T11:15:11","modified_gmt":"2026-04-15T09:15:11","slug":"strona-glowna","status":"publish","type":"page","link":"https:\/\/idkwhattotype.you2.pl\/index.php\/strona-glowna\/","title":{"rendered":"Strona g\u0142\u00f3wna"},"content":{"rendered":"\n<div class=\"wp-block-group alignfull has-contrast-color has-text-color has-link-color wp-elements-7e362e6bf6657dcdf1b100ceaf5b512a has-global-padding is-layout-constrained wp-container-core-group-is-layout-23b1a4dc wp-block-group-is-layout-constrained\" style=\"padding-top:var(--wp--preset--spacing--30);padding-right:var(--wp--preset--spacing--30);padding-bottom:var(--wp--preset--spacing--30);padding-left:var(--wp--preset--spacing--30)\">\n<p>Szukasz unikalnych ubra\u0144 i akcesori\u00f3w, kt\u00f3re wyra\u017c\u0105 TW\u00d3J styl? Dobrze trafi\u0142e\u015b!<\/p>\n<\/div>\n\n\n\n<p class=\"has-white-color has-text-color has-link-color wp-elements-5745d57e37ed834b50a3cd3d26b263a8\">Szhukasz unikalnych ubra\u0144 i akcesori\u00f3w, kt\u00f3re wyra\u017c\u0105 TW\u00d3J styl?<\/p>\n\n\n\n<p class=\"has-white-color has-text-color has-link-color wp-elements-c61d86825885754c3d18566417c65753\"> Dobrze trafi\u0142e\u015b! <\/p>\n\n\n\n<p class=\"has-white-color has-text-color has-link-color wp-elements-8cd0fd0564b07adeca9d0fdef965a7c4\">Tworzymy w najwy\u017cszej jako\u015bci nasze produkty! <\/p>\n\n\n\n<p class=\"has-white-color has-text-color has-link-color wp-elements-c645e628e62f8fbab9d9726851472d16\"><\/p>\n","protected":false},"excerpt":{"rendered":"<p>Szukasz unikalnych ubra\u0144 i akcesori\u00f3w, kt\u00f3re wyra\u017c\u0105 TW\u00d3J styl? Dobrze trafi\u0142e\u015b! Szhukasz unikalnych ubra\u0144 i akcesori\u00f3w, kt\u00f3re wyra\u017c\u0105 TW\u00d3J styl? Dobrze trafi\u0142e\u015b! Tworzymy w najwy\u017cszej jako\u015bci nasze produkty!<\/p>\n","protected":false},"author":1,"featured_media":0,"parent":0,"menu_order":0,"comment_status":"closed","ping_status":"closed","template":"","meta":{"footnotes":""},"class_list":["post-11","page","type-page","status-publish","hentry"],"_links":{"self":[{"href":"https:\/\/idkwhattotype.you2.pl\/index.php\/wp-json\/wp\/v2\/pages\/11","targetHints":{"allow":["GET"]}}],"collection":[{"href":"https:\/\/idkwhattotype.you2.pl\/index.php\/wp-json\/wp\/v2\/pages"}],"about":[{"href":"https:\/\/idkwhattotype.you2.pl\/index.php\/wp-json\/wp\/v2\/types\/page"}],"author":[{"embeddable":true,"href":"https:\/\/idkwhattotype.you2.pl\/index.php\/wp-json\/wp\/v2\/users\/1"}],"replies":[{"embeddable":true,"href":"https:\/\/idkwhattotype.you2.pl\/index.php\/wp-json\/wp\/v2\/comments?post=11"}],"version-history":[{"count":11,"href":"https:\/\/idkwhattotype.you2.pl\/index.php\/wp-json\/wp\/v2\/pages\/11\/revisions"}],"predecessor-version":[{"id":41,"href":"https:\/\/idkwhattotype.you2.pl\/index.php\/wp-json\/wp\/v2\/pages\/11\/revisions\/41"}],"wp:attachment":[{"href":"https:\/\/idkwhattotype.you2.pl\/index.php\/wp-json\/wp\/v2\/media?parent=11"}],"curies":[{"name":"wp","href":"https:\/\/api.w.org\/{rel}","templated":true}]}}